{"id":9130,"date":"2019-01-05T22:43:02","date_gmt":"2019-01-05T22:43:02","guid":{"rendered":"https:\/\/helifilm.es\/?page_id=9130"},"modified":"2024-06-13T16:34:52","modified_gmt":"2024-06-13T16:34:52","slug":"inicio-2018","status":"publish","type":"page","link":"https:\/\/helifilm.es\/en\/","title":{"rendered":"Inicio 2018"},"content":{"rendered":"[mk_page_section bg_image=&#8221;https:\/\/helifilm.es\/wp-content\/uploads\/2019\/01\/fondo19.jpg&#8221; bg_color=&#8221;#ffffff&#8221; border_color=&#8221;#ffffff&#8221; bg_position=&#8221;center top&#8221; bg_repeat=&#8221;no-repeat&#8221; bg_stretch=&#8221;true&#8221; speed_factor=&#8221;4&#8243; min_height=&#8221;360&#8243; padding_top=&#8221;50&#8243; padding_bottom=&#8221;25&#8243; top_shape_color=&#8221;#ffffff&#8221; bottom_shape_style=&#8221;jagged-bottom&#8221; bottom_shape_color=&#8221;#ffffff&#8221; first_page=&#8221;true&#8221; last_page=&#8221;true&#8221; sidebar=&#8221;sidebar-1&#8243;][vc_column][mk_padding_divider size=&#8221;200&#8243;][mk_fancy_title color=&#8221;#ffffff&#8221; size=&#8221;56&#8243; font_weight=&#8221;bold&#8221; margin_bottom=&#8221;18&#8243; font_family=&#8221;Oxygen&#8221; font_type=&#8221;google&#8221; align=&#8221;right&#8221; animation=&#8221;top-to-bottom&#8221; el_class=&#8221;nobackground&#8221;]HELIFILM: Drone company since 2005[\/mk_fancy_title][mk_padding_divider size=&#8221;100&#8243;][\/vc_column][\/mk_page_section][mk_page_section bg_color=&#8221;#f6f6f6&#8243; speed_factor=&#8221;4&#8243; padding_bottom=&#8221;40&#8243; first_page=&#8221;false&#8221; last_page=&#8221;false&#8221;][vc_column][mk_padding_divider size=&#8221;30&#8243;][mk_title_box highlight_color=&#8221;#ffffff&#8221; highlight_opacity=&#8221;0&#8243; size=&#8221;26&#8243; line_height=&#8221;28&#8243; font_weight=&#8221;300&#8243; margin_top=&#8221;10&#8243; margin_bottom=&#8221;35&#8243; font_family=&#8221;none&#8221; align=&#8221;center&#8221; el_class=&#8221;capitalize&#8221;]\n<p style=\"text-align: center\"><span style=\"line-height: 1.5em\">A change in the way of seeing and valuing our environment,<\/span><\/p>\n<p style=\"text-align: center\"><b>the expression of details that we would have never perceived before.<\/b><\/p>\n<h2><\/h2>\n<h2 style=\"text-align: center\">PAGE IN REFORMS<\/h2>\n<h6 style=\"text-align: center\"><span style=\"color: #ff0000\">CHECK OUT OUR WORKS, SEE OUR YOUTUBE CHANNEL<\/span><\/h6>\n<p style=\"text-align: center\"><strong><a href=\"https:\/\/youtube.com\/playlist?list=PLcPwU157Pb5UfzflIszCNpMts1OXgm9U1&amp;si=XKGtqwAc0WtyE-Ev\">MOVIES<\/a><\/strong>\u00a0\u00a0<span style=\"color: #ff0000\">\u2014<\/span>\u00a0\u00a0<strong><a href=\"https:\/\/youtube.com\/playlist?list=PLD49883274560D554&amp;si=UxZLgfS6h-cujUT1\">SPORT AND CARS<\/a>\u00a0 \u2014<\/strong>\u00a0\u00a0<strong><a href=\"https:\/\/youtube.com\/playlist?list=PLcPwU157Pb5WgwDrm2Go65M9URx0U2NTn&amp;si=2WGaPyAcXCgAvA0h\">ADVERTISING<\/a>\u00a0 \u2014\u00a0\u00a0<a href=\"https:\/\/youtube.com\/playlist?list=PLcPwU157Pb5VNHjpQENeHmJrSFcnQxL94&amp;si=9gVNzARv1yjD90iO\">VIDEO CLIP<\/a>\u00a0 \u2014\u00a0\u00a0<a href=\"https:\/\/youtube.com\/playlist?list=PLcPwU157Pb5Xis6C93CT3ZLm3j3e8szuf&amp;si=-lTDuVqh9kpkWBma\">TURISMO<\/a>\u00a0<\/strong><\/p>\n[\/mk_title_box][mk_moving_image src=&#8221;https:\/\/helifilm.es\/wp-content\/uploads\/2013\/08\/octocopter1.png&#8221; align=&#8221;center&#8221;][mk_padding_divider size=&#8221;30&#8243;][mk_padding_divider size=&#8221;30&#8243;][mk_padding_divider size=&#8221;30&#8243;][mk_button size=&#8221;large&#8221; url=&#8221;https:\/\/helifilm.es\/en\/services\/&#8221; align=&#8221;center&#8221; margin_top=&#8221;34&#8243; bg_color=&#8221;#dd3333&#8243;]Find out about our new services[\/mk_button][\/vc_column][\/mk_page_section][mk_page_section attachment=&#8221;fixed&#8221; bg_position=&#8221;center bottom&#8221; speed_factor=&#8221;0.2&#8243; padding_top=&#8221;18&#8243; padding_bottom=&#8221;30&#8243; last_page=&#8221;true&#8221; width=&#8221;1\/1&#8243; el_position=&#8221;first last&#8221; first_page=&#8221;false&#8221; sidebar=&#8221;sidebar-1&#8243;][vc_column][mk_padding_divider][vc_row_inner][vc_column_inner width=&#8221;1\/4&#8243;][\/vc_column_inner][vc_column_inner width=&#8221;1\/2&#8243;][vc_video host=&#8221;self_hosted&#8221; mp4=&#8221;https:\/\/helifilm.es\/wp-content\/uploads\/reel2.mp4&#8243; poster_image=&#8221;https:\/\/helifilm.es\/wp-content\/uploads\/2018\/11\/video.png&#8221;][\/vc_column_inner][vc_column_inner width=&#8221;1\/4&#8243;][\/vc_column_inner][\/vc_row_inner][mk_padding_divider][mk_fancy_title style=&#8221;true&#8221; color=&#8221;#393836&#8243; size=&#8221;20&#8243; margin_bottom=&#8221;18&#8243; font_family=&#8221;none&#8221;]Portfolio[\/mk_fancy_title][mk_portfolio_carousel style=&#8221;modern&#8221; hover_scenarios=&#8221;fadebox&#8221; title=&#8221;Portfolio&#8221; count=&#8221;-1&#8243;][mk_padding_divider][mk_padding_divider][mk_fancy_title style=&#8221;true&#8221; color=&#8221;#393836&#8243; size=&#8221;20&#8243; margin_bottom=&#8221;18&#8243; font_family=&#8221;none&#8221;]News[\/mk_fancy_title][mk_blog style=&#8221;grid&#8221; image_size=&#8221;medium&#8221; pagination_style=&#8221;3&#8243; orderby=&#8221;id&#8221; count=&#8221;5&#8243; offset=&#8221;0&#8243; disable_lightbox=&#8221;true&#8221; disable_comments_share=&#8221;true&#8221; cat=&#8221;120&#8243;][\/vc_column][\/mk_page_section][vc_row][vc_column][\/vc_column][\/vc_row][vc_row fullwidth=&#8221;true&#8221; el_class=&#8221;logos&#8221; css=&#8221;.vc_custom_1490030433572{background-color: #000000 !important;}&#8221;][vc_column][mk_padding_divider][mk_fancy_title color=&#8221;#ffffff&#8221; size=&#8221;18&#8243; margin_bottom=&#8221;18&#8243; font_family=&#8221;none&#8221; align=&#8221;center&#8221;]We keep moving forward to maintain the quality that distinguish our services. Improving our superior equipment adding the Follow Focus.<br \/>\nAlways offering the best technicians and equipment.<\/p>\n<h2 style=\"color: #ccc;margin-top: 10px\">Ask us for a quote without commitment, We\u2019ll surprise you!<\/h2>\n[\/mk_fancy_title][mk_image src=&#8221;<img loading=\"lazy\" class=\"alignleft size-medium wp-image-9768\" src=\"https:\/\/helifilm.es\/wp-content\/uploads\/2024\/06\/captura-de-pantalla-2024-06-10-204818-300x48.jpg\" alt=\"\" width=\"300\" height=\"48\" srcset=\"https:\/\/helifilm.es\/wp-content\/uploads\/2024\/06\/captura-de-pantalla-2024-06-10-204818-300x48.jpg 300w, https:\/\/helifilm.es\/wp-content\/uploads\/2024\/06\/captura-de-pantalla-2024-06-10-204818-768x123.jpg 768w, https:\/\/helifilm.es\/wp-content\/uploads\/2024\/06\/captura-de-pantalla-2024-06-10-204818.jpg 1024w\" sizes=\"(max-width: 300px) 100vw, 300px\" \/>&#8221; image_width=&#8221;966&#8243; image_height=&#8221;311&#8243; align=&#8221;center&#8221; crop=&#8221;false&#8221;][mk_fancy_title color=&#8221;#ffffff&#8221; size=&#8221;28&#8243; margin_bottom=&#8221;18&#8243; font_family=&#8221;none&#8221; align=&#8221;center&#8221;]Collaborators[\/mk_fancy_title][vc_column_text css=&#8221;.vc_custom_1601320236299{margin-bottom: 0px !important;}&#8221;]\n<p style=\"text-align: center\"><a href=\"http:\/\/www.stockrc.com\/\"><img loading=\"lazy\" class=\"alignnone size-full wp-image-7765\" style=\"padding-right: 20px\" src=\"https:\/\/helifilm.es\/wp-content\/uploads\/2013\/08\/logo-stockrc-multirotores.png\" alt=\"logo-stockrc-multirotores\" width=\"129\" height=\"42\" \/><\/a><\/p>\n[\/vc_column_text][\/vc_column][\/vc_row]\n","protected":false},"excerpt":{"rendered":"<p>[mk_page_section bg_image=&#8221;https:\/\/helifilm.es\/wp-content\/uploads\/2019\/01\/fondo19.jpg&#8221; bg_color=&#8221;#ffffff&#8221; border_color=&#8221;#ffffff&#8221; bg_position=&#8221;center top&#8221; bg_repeat=&#8221;no-repeat&#8221; bg_stretch=&#8221;true&#8221; speed_factor=&#8221;4&#8243; min_height=&#8221;360&#8243; padding_top=&#8221;50&#8243; padding_bottom=&#8221;25&#8243; top_shape_color=&#8221;#ffffff&#8221; bottom_shape_style=&#8221;jagged-bottom&#8221; bottom_shape_color=&#8221;#ffffff&#8221; first_page=&#8221;true&#8221; last_page=&#8221;true&#8221; sidebar=&#8221;sidebar-1&#8243;][vc_column][mk_padding_divider size=&#8221;200&#8243;][mk_fancy_title color=&#8221;#ffffff&#8221; size=&#8221;56&#8243; font_weight=&#8221;bold&#8221; margin_bottom=&#8221;18&#8243; font_family=&#8221;Oxygen&#8221; font_type=&#8221;google&#8221; align=&#8221;right&#8221; animation=&#8221;top-to-bottom&#8221; el_class=&#8221;nobackground&#8221;]HELIFILM: Drone company since 2005[\/mk_fancy_title][mk_padding_divider size=&#8221;100&#8243;][\/vc_column][\/mk_page_section][mk_page_section bg_color=&#8221;#f6f6f6&#8243; speed_factor=&#8221;4&#8243; padding_bottom=&#8221;40&#8243; first_page=&#8221;false&#8221; last_page=&#8221;false&#8221;][vc_column][mk_padding_divider size=&#8221;30&#8243;][mk_title_box highlight_color=&#8221;#ffffff&#8221; highlight_opacity=&#8221;0&#8243; size=&#8221;26&#8243; line_height=&#8221;28&#8243; font_weight=&#8221;300&#8243; margin_top=&#8221;10&#8243; margin_bottom=&#8221;35&#8243; font_family=&#8221;none&#8221; align=&#8221;center&#8221; el_class=&#8221;capitalize&#8221;] A change in the way of [&hellip;]<\/p>\n","protected":false},"author":1,"featured_media":0,"parent":0,"menu_order":0,"comment_status":"open","ping_status":"open","template":"","meta":[],"yoast_head":"<!-- This site is optimized with the Yoast SEO plugin v15.7 - https:\/\/yoast.com\/wordpress\/plugins\/seo\/ -->\n<title>Helifilm - V\u00eddeo y Fotograf\u00eda A\u00e9rea<\/title>\n<meta name=\"description\" content=\"Empresa de drones especializada en grabaciones a\u00e9reas. Profesionales con experiencia en el manejo del vuelo, alcanzando tomas y planos \u00fanicos.\" \/>\n<meta name=\"robots\" content=\"index, follow, max-snippet:-1, max-image-preview:large, max-video-preview:-1\" \/>\n<link rel=\"canonical\" href=\"https:\/\/helifilm.es\/en\/\" \/>\n<meta property=\"og:locale\" content=\"en_US\" \/>\n<meta property=\"og:type\" content=\"article\" \/>\n<meta property=\"og:title\" content=\"Helifilm - V\u00eddeo y Fotograf\u00eda A\u00e9rea\" \/>\n<meta property=\"og:description\" content=\"Empresa de drones especializada en grabaciones a\u00e9reas. Profesionales con experiencia en el manejo del vuelo, alcanzando tomas y planos \u00fanicos.\" \/>\n<meta property=\"og:url\" content=\"https:\/\/helifilm.es\/en\/\" \/>\n<meta property=\"og:site_name\" content=\"Helifilm\" \/>\n<meta property=\"article:modified_time\" content=\"2024-06-13T16:34:52+00:00\" \/>\n<meta property=\"og:image\" content=\"https:\/\/helifilm.es\/wp-content\/uploads\/2024\/06\/captura-de-pantalla-2024-06-10-204818-300x48.jpg\" \/>\n<meta name=\"twitter:label1\" content=\"Est. reading time\">\n\t<meta name=\"twitter:data1\" content=\"2 minutes\">\n<script type=\"application\/ld+json\" class=\"yoast-schema-graph\">{\"@context\":\"https:\/\/schema.org\",\"@graph\":[{\"@type\":\"WebSite\",\"@id\":\"https:\/\/helifilm.es\/#website\",\"url\":\"https:\/\/helifilm.es\/\",\"name\":\"Helifilm\",\"description\":\"V\\u00eddeo y Fotograf\\u00eda A\\u00e9rea\",\"potentialAction\":[{\"@type\":\"SearchAction\",\"target\":\"https:\/\/helifilm.es\/?s={search_term_string}\",\"query-input\":\"required name=search_term_string\"}],\"inLanguage\":\"en-US\"},{\"@type\":\"ImageObject\",\"@id\":\"https:\/\/helifilm.es\/en\/#primaryimage\",\"inLanguage\":\"en-US\",\"url\":\"https:\/\/helifilm.es\/wp-content\/uploads\/2024\/06\/captura-de-pantalla-2024-06-10-204818.jpg\",\"width\":1024,\"height\":164},{\"@type\":\"WebPage\",\"@id\":\"https:\/\/helifilm.es\/en\/#webpage\",\"url\":\"https:\/\/helifilm.es\/en\/\",\"name\":\"Helifilm - V\\u00eddeo y Fotograf\\u00eda A\\u00e9rea\",\"isPartOf\":{\"@id\":\"https:\/\/helifilm.es\/#website\"},\"primaryImageOfPage\":{\"@id\":\"https:\/\/helifilm.es\/en\/#primaryimage\"},\"datePublished\":\"2019-01-05T22:43:02+00:00\",\"dateModified\":\"2024-06-13T16:34:52+00:00\",\"description\":\"Empresa de drones especializada en grabaciones a\\u00e9reas. Profesionales con experiencia en el manejo del vuelo, alcanzando tomas y planos \\u00fanicos.\",\"breadcrumb\":{\"@id\":\"https:\/\/helifilm.es\/en\/#breadcrumb\"},\"inLanguage\":\"en-US\",\"potentialAction\":[{\"@type\":\"ReadAction\",\"target\":[\"https:\/\/helifilm.es\/en\/\"]}]},{\"@type\":\"BreadcrumbList\",\"@id\":\"https:\/\/helifilm.es\/en\/#breadcrumb\",\"itemListElement\":[{\"@type\":\"ListItem\",\"position\":1,\"item\":{\"@type\":\"WebPage\",\"@id\":\"https:\/\/helifilm.es\/en\/\",\"url\":\"https:\/\/helifilm.es\/en\/\",\"name\":\"Portada\"}},{\"@type\":\"ListItem\",\"position\":2,\"item\":{\"@type\":\"WebPage\",\"@id\":\"https:\/\/helifilm.es\/en\/\",\"url\":\"https:\/\/helifilm.es\/en\/\",\"name\":\"Inicio 2018\"}}]}]}<\/script>\n<!-- \/ Yoast SEO plugin. -->","_links":{"self":[{"href":"https:\/\/helifilm.es\/en\/wp-json\/wp\/v2\/pages\/9130"}],"collection":[{"href":"https:\/\/helifilm.es\/en\/wp-json\/wp\/v2\/pages"}],"about":[{"href":"https:\/\/helifilm.es\/en\/wp-json\/wp\/v2\/types\/page"}],"author":[{"embeddable":true,"href":"https:\/\/helifilm.es\/en\/wp-json\/wp\/v2\/users\/1"}],"replies":[{"embeddable":true,"href":"https:\/\/helifilm.es\/en\/wp-json\/wp\/v2\/comments?post=9130"}],"version-history":[{"count":15,"href":"https:\/\/helifilm.es\/en\/wp-json\/wp\/v2\/pages\/9130\/revisions"}],"predecessor-version":[{"id":9773,"href":"https:\/\/helifilm.es\/en\/wp-json\/wp\/v2\/pages\/9130\/revisions\/9773"}],"wp:attachment":[{"href":"https:\/\/helifilm.es\/en\/wp-json\/wp\/v2\/media?parent=9130"}],"curies":[{"name":"wp","href":"https:\/\/api.w.org\/{rel}","templated":true}]}}