{"id":9139,"date":"2014-01-22T09:42:22","date_gmt":"2014-01-22T09:42:22","guid":{"rendered":"https:\/\/helifilm.es\/?page_id=9139"},"modified":"2024-06-13T16:41:51","modified_gmt":"2024-06-13T16:41:51","slug":"video-fotografia-aerea","status":"publish","type":"page","link":"https:\/\/helifilm.es\/en\/video-fotografia-aerea\/","title":{"rendered":"Portfolio"},"content":{"rendered":"[vc_row fullwidth=&#8221;true&#8221;][vc_column][mk_fancy_title tag_name=&#8221;h1&#8243; color=&#8221;#888888&#8243; size=&#8221;28&#8243; font_weight=&#8221;300&#8243; font_family=&#8221;none&#8221; align=&#8221;center&#8221; width=&#8221;1\/1&#8243; el_position=&#8221;first last&#8221;]S\u00edguenos en nuestros canales para conocer nuestros trabajos[\/mk_fancy_title][\/vc_column][\/vc_row][vc_row parallax=&#8221;content-moving&#8221;][vc_column][mk_padding_divider][mk_social_networks size=&#8221;xx-large&#8221; style=&#8221;circle&#8221; margin=&#8221;7&#8243; icon_color=&#8221;#15001e&#8221; icon_hover_color=&#8221;#edcece&#8221; align=&#8221;center&#8221; facebook=&#8221;https:\/\/www.facebook.com\/Helifilm-Producciones-180143958693834\/?hc_ref=ARSq10B_qHex1y0tu7qrRYfaMvjEQYm0j3BjCPrdonV4xH6MIbxW9sIiW2Dp18j2bfw&amp;fref=nf&#8221; youtube=&#8221;https:\/\/www.youtube.com\/channel\/UC5VpJGxd1b0jbOcamHWrEJw?view_as=subscriber&#8221;][mk_social_networks size=&#8221;xx-large&#8221; style=&#8221;circle&#8221; margin=&#8221;7&#8243; icon_color=&#8221;#15001e&#8221; icon_hover_color=&#8221;#edcece&#8221; align=&#8221;center&#8221;\u00a0instagram=&#8221;https:\/\/www.instagram.com\/helifilm.es\/&#8221;][mk_padding_divider][\/vc_column][\/vc_row][vc_row fullwidth=&#8221;true&#8221; column_padding=&#8221;2&#8243;][vc_column blend_mode=&#8221;darken&#8221;][mk_portfolio style=&#8221;grid&#8221; hover_scenarios=&#8221;fadebox&#8221; count=&#8221;-1&#8243; sortable_mode=&#8221;static&#8221; pagination_style=&#8221;2&#8243; orderby=&#8221;id&#8221; disable_excerpt=&#8221;true&#8221; disable_permalink=&#8221;true&#8221;][\/vc_column][\/vc_row][vc_row][vc_column][mk_padding_divider size=&#8221;10&#8243; width=&#8221;1\/1&#8243; el_position=&#8221;first last&#8221;][mk_divider style=&#8221;thin_solid&#8221; margin_top=&#8221;0&#8243; margin_bottom=&#8221;17&#8243; width=&#8221;1\/1&#8243; el_position=&#8221;first last&#8221;][mk_padding_divider size=&#8221;10&#8243; width=&#8221;1\/1&#8243; el_position=&#8221;first last&#8221;][\/vc_column][\/vc_row][vc_row][vc_column width=&#8221;2\/3&#8243;][vc_column_text]<strong>Un cambio en la manera de observar y valorar nuestro entorno<\/strong>, en la que los matices cobran importancia, la expresi\u00f3n de los detalles que a simple vista jam\u00e1s hubi\u00e9ramos percibido.<\/p>\n<p>Instrumento vivo que bascula\u00a0en la confluencia de dos mundos contempor\u00e1neos, las ciencias aeron\u00e1uticas (videos a\u00e9reos) y las artes visuales.\u00a0 Un m\u00e9todo extraordinario de ir m\u00e1s all\u00e1 de la tecnolog\u00eda para alcanzar un fin espectacular logrando un resultado inesperado y revolucionario de la comunicaci\u00f3n audiovisual.<\/p>\n<p>Somos profesionales con experiencia en el manejo del vuelo, alcanzando tomas y planos que ser\u00edan impensables de otro modo, obteniendo resultados siempre impresionantes.<\/p>\n<p>Helifilm\u00a0somos una empresa de j\u00f3venes inquietos, l\u00edderes en el sector, con <strong>m\u00e1s de 12 a\u00f1os de experiencia<\/strong>, como se puede observar curioseando en los trabajos que hemos realizado.<\/p>\n<p>Utilizamos una <strong>tecnolog\u00eda de vanguardia<\/strong> pero conservando los conceptos tradicionales.<\/p>\n<p>Nos caracterizamos sobre todo por la profesionalidad y una labor bien realizada que es nuestra mejor carta de presentaci\u00f3n.<\/p>\n<p>Realizamos trabajos para hoteles, inmobiliarias, eventos deportivos, sociales y publicitarios, actos empresariales o institucionales, actuaciones de bomberos y polic\u00edas\u2026[\/vc_column_text][\/vc_column][vc_column width=&#8221;1\/3&#8243;][mk_padding_divider size=&#8221;60&#8243; width=&#8221;1\/1&#8243; el_position=&#8221;first last&#8221;][mk_circle_image src=&#8221;https:\/\/helifilm.es\/wp-content\/uploads\/2014\/01\/nubes.jpg&#8221; image_diameter=&#8221;300&#8243;][\/vc_column][\/vc_row][vc_row fullwidth=&#8221;true&#8221;][vc_column][mk_divider style=&#8221;thin_solid&#8221; margin_top=&#8221;0&#8243; margin_bottom=&#8221;17&#8243; width=&#8221;1\/1&#8243; el_position=&#8221;first last&#8221;][\/vc_column][\/vc_row][vc_row][vc_column][vc_column_text align=&#8221;center&#8221;]\n<p style=\"text-align: center\"><strong>Cualquier encargo ser\u00e1 estudiado con cari\u00f1o y se valorar\u00e1 hasta el l\u00edmite todas las posibilidades que ofrece, antes de ser aceptado.<\/strong><\/p>\n[\/vc_column_text][mk_button dimension=&#8221;outline&#8221; size=&#8221;medium&#8221; icon=&#8221;moon-file-3&#8243; url=&#8221;https:\/\/helifilm.es\/contacto\/&#8221; align=&#8221;center&#8221; margin_bottom=&#8221;30&#8243;]Solicitar presupuesto[\/mk_button][\/vc_column][\/vc_row][vc_row][vc_column][mk_padding_divider size=&#8221;30&#8243; width=&#8221;1\/1&#8243; el_position=&#8221;first last&#8221;][\/vc_column][\/vc_row]\n","protected":false},"excerpt":{"rendered":"<p>[vc_row fullwidth=&#8221;true&#8221;][vc_column][mk_fancy_title tag_name=&#8221;h1&#8243; color=&#8221;#888888&#8243; size=&#8221;28&#8243; font_weight=&#8221;300&#8243; font_family=&#8221;none&#8221; align=&#8221;center&#8221; width=&#8221;1\/1&#8243; el_position=&#8221;first last&#8221;]S\u00edguenos en nuestros canales para conocer nuestros trabajos[\/mk_fancy_title][\/vc_column][\/vc_row][vc_row parallax=&#8221;content-moving&#8221;][vc_column][mk_padding_divider][mk_social_networks size=&#8221;xx-large&#8221; style=&#8221;circle&#8221; margin=&#8221;7&#8243; icon_color=&#8221;#15001e&#8221; icon_hover_color=&#8221;#edcece&#8221; align=&#8221;center&#8221; facebook=&#8221;https:\/\/www.facebook.com\/Helifilm-Producciones-180143958693834\/?hc_ref=ARSq10B_qHex1y0tu7qrRYfaMvjEQYm0j3BjCPrdonV4xH6MIbxW9sIiW2Dp18j2bfw&amp;fref=nf&#8221; youtube=&#8221;https:\/\/www.youtube.com\/channel\/UC5VpJGxd1b0jbOcamHWrEJw?view_as=subscriber&#8221;][mk_social_networks size=&#8221;xx-large&#8221; style=&#8221;circle&#8221; margin=&#8221;7&#8243; icon_color=&#8221;#15001e&#8221; icon_hover_color=&#8221;#edcece&#8221; align=&#8221;center&#8221;\u00a0instagram=&#8221;https:\/\/www.instagram.com\/helifilm.es\/&#8221;][mk_padding_divider][\/vc_column][\/vc_row][vc_row fullwidth=&#8221;true&#8221; column_padding=&#8221;2&#8243;][vc_column blend_mode=&#8221;darken&#8221;][mk_portfolio style=&#8221;grid&#8221; hover_scenarios=&#8221;fadebox&#8221; count=&#8221;-1&#8243; sortable_mode=&#8221;static&#8221; pagination_style=&#8221;2&#8243; orderby=&#8221;id&#8221; disable_excerpt=&#8221;true&#8221; disable_permalink=&#8221;true&#8221;][\/vc_column][\/vc_row][vc_row][vc_column][mk_padding_divider size=&#8221;10&#8243; width=&#8221;1\/1&#8243; el_position=&#8221;first last&#8221;][mk_divider style=&#8221;thin_solid&#8221; margin_top=&#8221;0&#8243; margin_bottom=&#8221;17&#8243; width=&#8221;1\/1&#8243; el_position=&#8221;first last&#8221;][mk_padding_divider size=&#8221;10&#8243; [&hellip;]<\/p>\n","protected":false},"author":1,"featured_media":0,"parent":0,"menu_order":0,"comment_status":"closed","ping_status":"closed","template":"","meta":[],"yoast_head":"<!-- This site is optimized with the Yoast SEO plugin v15.7 - https:\/\/yoast.com\/wordpress\/plugins\/seo\/ -->\n<title>V\u00eddeo y Fotograf\u00eda A\u00e9rea - Helifilm<\/title>\n<meta name=\"description\" content=\"Somos profesionales con experiencia en el manejo del vuelo, alcanzando tomas y planos \u00fanicos, obteniendo resultados siempre impresionantes.\" \/>\n<meta name=\"robots\" content=\"index, follow, max-snippet:-1, max-image-preview:large, max-video-preview:-1\" \/>\n<link rel=\"canonical\" href=\"https:\/\/helifilm.es\/en\/video-fotografia-aerea\/\" \/>\n<meta property=\"og:locale\" content=\"en_US\" \/>\n<meta property=\"og:type\" content=\"article\" \/>\n<meta property=\"og:title\" content=\"V\u00eddeo y Fotograf\u00eda A\u00e9rea - Helifilm\" \/>\n<meta property=\"og:description\" content=\"Somos profesionales con experiencia en el manejo del vuelo, alcanzando tomas y planos \u00fanicos, obteniendo resultados siempre impresionantes.\" \/>\n<meta property=\"og:url\" content=\"https:\/\/helifilm.es\/en\/video-fotografia-aerea\/\" \/>\n<meta property=\"og:site_name\" content=\"Helifilm\" \/>\n<meta property=\"article:modified_time\" content=\"2024-06-13T16:41:51+00:00\" \/>\n<meta name=\"twitter:label1\" content=\"Est. reading time\">\n\t<meta name=\"twitter:data1\" content=\"2 minutes\">\n<script type=\"application\/ld+json\" class=\"yoast-schema-graph\">{\"@context\":\"https:\/\/schema.org\",\"@graph\":[{\"@type\":\"WebSite\",\"@id\":\"https:\/\/helifilm.es\/#website\",\"url\":\"https:\/\/helifilm.es\/\",\"name\":\"Helifilm\",\"description\":\"V\\u00eddeo y Fotograf\\u00eda A\\u00e9rea\",\"potentialAction\":[{\"@type\":\"SearchAction\",\"target\":\"https:\/\/helifilm.es\/?s={search_term_string}\",\"query-input\":\"required name=search_term_string\"}],\"inLanguage\":\"en-US\"},{\"@type\":\"WebPage\",\"@id\":\"https:\/\/helifilm.es\/en\/video-fotografia-aerea\/#webpage\",\"url\":\"https:\/\/helifilm.es\/en\/video-fotografia-aerea\/\",\"name\":\"V\\u00eddeo y Fotograf\\u00eda A\\u00e9rea - Helifilm\",\"isPartOf\":{\"@id\":\"https:\/\/helifilm.es\/#website\"},\"datePublished\":\"2014-01-22T09:42:22+00:00\",\"dateModified\":\"2024-06-13T16:41:51+00:00\",\"description\":\"Somos profesionales con experiencia en el manejo del vuelo, alcanzando tomas y planos \\u00fanicos, obteniendo resultados siempre impresionantes.\",\"breadcrumb\":{\"@id\":\"https:\/\/helifilm.es\/en\/video-fotografia-aerea\/#breadcrumb\"},\"inLanguage\":\"en-US\",\"potentialAction\":[{\"@type\":\"ReadAction\",\"target\":[\"https:\/\/helifilm.es\/en\/video-fotografia-aerea\/\"]}]},{\"@type\":\"BreadcrumbList\",\"@id\":\"https:\/\/helifilm.es\/en\/video-fotografia-aerea\/#breadcrumb\",\"itemListElement\":[{\"@type\":\"ListItem\",\"position\":1,\"item\":{\"@type\":\"WebPage\",\"@id\":\"https:\/\/helifilm.es\/en\/\",\"url\":\"https:\/\/helifilm.es\/en\/\",\"name\":\"Portada\"}},{\"@type\":\"ListItem\",\"position\":2,\"item\":{\"@type\":\"WebPage\",\"@id\":\"https:\/\/helifilm.es\/en\/video-fotografia-aerea\/\",\"url\":\"https:\/\/helifilm.es\/en\/video-fotografia-aerea\/\",\"name\":\"Portfolio\"}}]}]}<\/script>\n<!-- \/ Yoast SEO plugin. -->","_links":{"self":[{"href":"https:\/\/helifilm.es\/en\/wp-json\/wp\/v2\/pages\/9139"}],"collection":[{"href":"https:\/\/helifilm.es\/en\/wp-json\/wp\/v2\/pages"}],"about":[{"href":"https:\/\/helifilm.es\/en\/wp-json\/wp\/v2\/types\/page"}],"author":[{"embeddable":true,"href":"https:\/\/helifilm.es\/en\/wp-json\/wp\/v2\/users\/1"}],"replies":[{"embeddable":true,"href":"https:\/\/helifilm.es\/en\/wp-json\/wp\/v2\/comments?post=9139"}],"version-history":[{"count":8,"href":"https:\/\/helifilm.es\/en\/wp-json\/wp\/v2\/pages\/9139\/revisions"}],"predecessor-version":[{"id":9529,"href":"https:\/\/helifilm.es\/en\/wp-json\/wp\/v2\/pages\/9139\/revisions\/9529"}],"wp:attachment":[{"href":"https:\/\/helifilm.es\/en\/wp-json\/wp\/v2\/media?parent=9139"}],"curies":[{"name":"wp","href":"https:\/\/api.w.org\/{rel}","templated":true}]}}